{"id":60,"date":"2025-02-15T14:58:31","date_gmt":"2025-02-15T13:58:31","guid":{"rendered":"https:\/\/hosting2350639.online.pro\/autoinstalator\/wordpress\/?page_id=60"},"modified":"2025-02-16T18:29:27","modified_gmt":"2025-02-16T17:29:27","slug":"uslugi-elektryczne","status":"publish","type":"page","link":"http:\/\/www.elektrosound.pl\/index.php\/uslugi-elektryczne\/","title":{"rendered":"Us\u0142ugi elektryczne"},"content":{"rendered":"\n<div class=\"wp-block-group is-vertical is-layout-flex wp-container-core-group-is-layout-8cf370e7 wp-block-group-is-layout-flex\">\n<p class=\"has-text-align-left\">Wykonujemy,\u00a0konserwujemy, modernizujemy\u00a0instalacje elektryczne w budynkach mieszkalnych, przemys\u0142owych oraz technicznych.<\/p>\n\n\n\n<p class=\"has-text-align-left\">Wykonujemy instalacje estetycznie, zgodnie z obowi\u0105zuj\u0105cymi normami.<\/p>\n\n\n\n<p class=\"has-text-align-left\">Stosujemy materia\u0142y uznanych firm.<\/p>\n\n\n\n<p class=\"has-text-align-left\">Wykonujemy pomiary okresowe oraz odbiorcze<\/p>\n\n\n\n<p class=\"has-text-align-left\">Jeste\u015bmy 10 lat na rynku instalacyjnym<\/p>\n\n\n\n<p><\/p>\n<\/div>\n","protected":false},"excerpt":{"rendered":"<p>Wykonujemy,\u00a0konserwujemy, modernizujemy\u00a0instalacje elektryczne w budynkach mieszkalnych, przemys\u0142owych oraz technicznych. Wykonujemy instalacje estetycznie, zgodnie z obowi\u0105zuj\u0105cymi normami. Stosujemy materia\u0142y uznanych firm. Wykonujemy pomiary okresowe oraz odbiorcze Jeste\u015bmy 10 lat na rynku instalacyjnym<\/p>\n","protected":false},"author":1,"featured_media":0,"parent":0,"menu_order":0,"comment_status":"closed","ping_status":"closed","template":"","meta":{"neve_meta_sidebar":"","neve_meta_container":"","neve_meta_enable_content_width":"","neve_meta_content_width":0,"neve_meta_title_alignment":"","neve_meta_author_avatar":"","neve_post_elements_order":"","neve_meta_disable_header":"","neve_meta_disable_footer":"","neve_meta_disable_title":"","footnotes":""},"class_list":["post-60","page","type-page","status-publish","hentry"],"_links":{"self":[{"href":"http:\/\/www.elektrosound.pl\/index.php\/wp-json\/wp\/v2\/pages\/60","targetHints":{"allow":["GET"]}}],"collection":[{"href":"http:\/\/www.elektrosound.pl\/index.php\/wp-json\/wp\/v2\/pages"}],"about":[{"href":"http:\/\/www.elektrosound.pl\/index.php\/wp-json\/wp\/v2\/types\/page"}],"author":[{"embeddable":true,"href":"http:\/\/www.elektrosound.pl\/index.php\/wp-json\/wp\/v2\/users\/1"}],"replies":[{"embeddable":true,"href":"http:\/\/www.elektrosound.pl\/index.php\/wp-json\/wp\/v2\/comments?post=60"}],"version-history":[{"count":3,"href":"http:\/\/www.elektrosound.pl\/index.php\/wp-json\/wp\/v2\/pages\/60\/revisions"}],"predecessor-version":[{"id":98,"href":"http:\/\/www.elektrosound.pl\/index.php\/wp-json\/wp\/v2\/pages\/60\/revisions\/98"}],"wp:attachment":[{"href":"http:\/\/www.elektrosound.pl\/index.php\/wp-json\/wp\/v2\/media?parent=60"}],"curies":[{"name":"wp","href":"https:\/\/api.w.org\/{rel}","templated":true}]}}